{"id":12,"date":"2020-01-22T13:34:53","date_gmt":"2020-01-22T13:34:53","guid":{"rendered":"http:\/\/wahrheitmachtfrei.com\/?page_id=12"},"modified":"2023-11-08T16:27:15","modified_gmt":"2023-11-08T16:27:15","slug":"die-gefaehrlichste-botschaft","status":"publish","type":"page","link":"http:\/\/wahrheitmachtfrei.com\/?page_id=12","title":{"rendered":"Die Entstehung der Korruption"},"content":{"rendered":"\n<p>Die Engel, die ihre erste Wohnst\u00e4tte verlie\u00dfen, verlie\u00dfen sie, weil sie beschlossen sich mit Adamiten und auch mit vielen anderen Arten zu vermischen. Schilderung \u00fcber diese Ereignisse finden wir nur in den Apokryphen, die heilige Schrift wie wir sie heute vorliegen haben, erkl\u00e4rt dies nicht hinl\u00e4nglich. <\/p>\n\n\n\n<p>Als Adam in den Garten Eden gebracht wurde, befand sich der Baum der Erkenntnis von Gut und B\u00f6se &#8211; der das Ergebnis der ersten Rebellion gegen Gott war &#8211; bereits im Garten. <\/p>\n\n\n\n<p>Dieser Baum symbolisiert ein Menschenvolk das einst das Gute kannte, und dann das B\u00f6se &#8211; nachdem sie gegen Gott rebelliert hatten durch die Vermischung mit den gefallenen Engeln. <\/p>\n\n\n\n<p>Ihre Erschaffung wird in der Genesis nicht erkl\u00e4rt, der Christ sagt uns aber in Lukas Kapitel 10 und in der Offenbarung Kapitel 12 das sie \u201evom Himmel gefallen\u201c sind.<\/p>\n\n\n\n<p><\/p>\n\n\n\n<p>Der S\u00fcndenfall beschreibt die Rassenvermischung von Adam und Eva, der verbotene Umgang mit dem Stammbaum der Erkenntnis von Gut und B\u00f6se &#8211; <\/p>\n\n\n\n<p>Sie vermischte ihr Blut mit diesem Stammbaum, der auch den Beinamen \u201eSchlange\u201c tr\u00e4gt. <\/p>\n\n\n\n<p>Kain war das physische Ergebnis der \u00dcbertretung des Gebotes: &#8222;alles vermehre sich nach seiner Art.&#8220;  <\/p>\n\n\n\n<p>Trotz des wohl absichtlich falsch \u00fcbersetzten Textes in Genesis 4, 1, kann anhand anderer Textstellen in der Schrift belegt werden, dass <strong>Kain<\/strong> nicht der Sohn Adams ist. <\/p>\n\n\n\n<p>Im Neuen Testament, und auch in den Allegorien des Alten Testamentes werden die Nachkommen Kains ebenfalls als \u201eSchlangen\u201c bezeichnet. Schlangen in Menschenform.<\/p>\n\n\n\n<h2 class=\"wp-block-heading\"><strong>Die leibhaftigen Kinder des Teufels<\/strong><\/h2>\n\n\n\n<p>Aus der Genesis und anderen Textstellen der Heiligen Schrift geht hervor, dass sich die Nachkommen Kains &#8211; die Keniter &#8211; sp\u00e4ter auch mit den Rephaim vermischten, die Rephaim waren ein Stamm der Nephilim, das Ergebnis der Vermischung von gefalllenen Engeln und Menschen, siehe Genesis, Kapitel 6, <\/p>\n\n\n\n<p>Die Keniter vermischten sich auch mit anderen Menschenrassen  die aber nicht von Adam oder Noah abstammten, das geht aus Genesis Kapitel 15 hervor. Zu der Zeit vermischten sich die Nachkommen Kains auch mit diversen St\u00e4mmen der Kanaaniter, Kanaan war der Nachkomme Hams, der von YHVH Gott verflucht wurde.<\/p>\n\n\n\n<h2 class=\"wp-block-heading\">Rassismus ist Sein Wille<\/h2>\n\n\n\n<p>Die Idee der einen, vereinten Menschheitsfamilie klingt edel, erstrebenswert und rational, doch f\u00fcr Christen stellt diese Ideologie ein Problem dar.  <\/p>\n\n\n\n<p>Gott differenziert zwischen Menschen. Er differenziert zwischen Gut und B\u00f6se.<\/p>\n\n\n\n<p>Zwischen Menschen die von oben geboren sind und Menschen die dieser Welt anh\u00e4ngen,  und den ewigen Feinden Gottes. <\/p>\n\n\n\n<p><\/p>\n\n\n\n<p>Die von oben Geborenen k\u00f6nnen sein Wort h\u00f6ren und tun Seinen Willen, im Gegensatz zu denen  die sein Gesetz zwar h\u00f6ren k\u00f6nnen, doch es missachten um weltlicher Nichtigkeiten willen.<\/p>\n\n\n\n<p>Die Feinde Gottes sind von unten Geborene, Korruptionen Seiner Sch\u00f6pfung, unf\u00e4hig YHVH&#8217;s Wort zu h\u00f6ren, in ewiger Opposition zu Ihm und Israel.     <\/p>\n\n\n\n<p>Sie sind aus der S\u00fcnde entstanden und werden niemals in der Lage sein, Seinen Willen zu tun.  Im Gegenteil, sie verklagen all jene die es tun und verf\u00fchren die Schwachen zur S\u00fcnde.  <\/p>\n\n\n\n<p>Die Vermischung von, und das Verlangen nach andersartigem Fleisch ist Unzucht. <\/p>\n\n\n\n<p>Diese S\u00fcnde ver\u00e4nderte die urspr\u00fcngliche Sch\u00f6pfung.<\/p>\n\n\n\n<p>YHVH verbot dies ausdr\u00fccklich. <\/p>\n\n\n\n<p>Die Rebellion gegen Ihn lie\u00df etwas entstehen, dass nicht vorgesehen war zu existieren.  Korrumpiertes Fleisch und der Tod. <\/p>\n\n\n\n<p><\/p>\n\n\n\n<p>Der Rassenvermischungsprozesses wird mit Verderben gleichgesetzt, die F\u00e4ule beginnt zu Beginn langsam, gewinnt dann aber schnell an Dynamik und steigt im Laufe des fortschreitenden Zersetzungsprozesses exponentiell an. <\/p>\n\n\n\n<p><\/p>\n\n\n\n<p>Die Aussaat einer Teufelsrasse auf Erden, die zur S\u00fcnde verf\u00fchren und die Gerechten durch alle Zeiten hindurch bis zum Ende um seinetwillen verfolgen w\u00fcrde, das ist die Geschichte Israels, die Historie der wei\u00dfen kaukasischen Ethnie Europas.<\/p>\n\n\n\n<p><\/p>\n\n\n\n<p>Bem\u00fchungen die gesamte Menschheit zu vereinen sind nicht neu (Turmbau zu Babel), das Vorhaben alle Menschenv\u00f6lker miteinander zu vermischen, ist aber mit der Heiligen Schrift nicht zu vereinbaren. <\/p>\n\n\n\n<p><a rel=\"noreferrer noopener\" aria-label=\"YHVH Gott hat Adamiten im allgemeinen und Israel speziell geboten heilig zu sein (\u00f6ffnet in neuem Tab)\" href=\"http:\/\/wahrheitmachtfrei.com\/?page_id=2\" target=\"_blank\">YHVH Gott hat Adamiten im allgemeinen, und Israel speziell geboten heilig zu sein<\/a><\/p>\n\n\n\n<p><\/p>\n\n\n\n<p>Die Heilige Schrift falsifiziert die Doktrin der kommunistischen Gleichheits-These. Die Geschichte selbst bezeugt die Falschheit der Lehre durch den Niedergang aller multikulturellen Reiche und Imperien. <\/p>\n\n\n\n<p><\/p>\n\n\n\n<p>Die r\u00f6misch-katholische Kirchennation des Vatikanstadtstaates hat die antichristliche Rassengleichheits Doktrin in die Staatsreligion integriert und ist deswegen ein Wolf im Schafspelz. <\/p>\n\n\n\n<p><\/p>\n\n\n\n<p>In Genesis Kapitel 4 finden wir Informationen zu dem Thema pr\u00e4adamitische Mischv\u00f6lker. <\/p>\n\n\n\n<p>In Vers 14 bef\u00fcrchtet Kain nach dem Mord an Abel: &#8222;Und es  wird geschehen, dass mich totschl\u00e4gt, wer mich findet!&#8220;<\/p>\n\n\n\n<p>In Vers 16 steht geschrieben, dass Kain in das Land Nod, \u00f6stlich von Eden ging.  Dort fand er eine Frau, die ihm S\u00f6hne gebar und auch viele andere Leute. Sp\u00e4ter gr\u00fcndete er dort eine Stadt, die er nach seinem Sohn Henoch benannte. <\/p>\n\n\n\n<p>Eine Stadt gr\u00fcndet man nicht f\u00fcr nur ein paar Leute. Die Menschen zu denen Kain gegangen war, standen in keinem verwandschafts Verh\u00e4ltnis zu Adam,  und m\u00fcssen daher Angeh\u00f6rige des von Engeln korrumpierten Menschengeschlechts vor Adam gewesen sein.<\/p>\n\n\n\n<p>Um solche Widerspr\u00fcche und Fragen gar nicht erst aufkommen zu lassen,  hat der Vatikan noch vor 500 Jahren den Besitz der Heiligen Schrift unter Strafe gestellt, und mit dem Tod bestraft.<\/p>\n\n\n\n<p><\/p>\n\n\n\n<p>Doch kaum einer liest heute die Schrift, und noch weniger finden Zeit sie zu studieren. Studium bedeutet, wissenschaftliche Erforschung der Sprachen in denen uns die Heilige Schrift \u00fcberliefert ist, etymologische Untersuchungen der in den Originalmanuskripten verwendeten Worte, Verst\u00e4ndnis von Grammatik und  den gebr\u00e4uchlichen Redewendungen in der antiken Welt. <\/p>\n\n\n\n<p>Die in der Genesis verwendete Redensart &#8222;Fr\u00fcchte von einem Baum essen&#8220; wurde auch in anderen Sprachen der antiken Welt genutzt, um den geschlechtlichen Umgang von  miteinander zu umschreiben.<\/p>\n\n\n\n<p>B\u00e4ume werden in der Schrift als Allegorie f\u00fcr Menschenv\u00f6lker benutzt. Die Schrift unterscheidet zwischen diversen Menschenv\u00f6lkern.  Auch Jesu unterschied zwischen guten und schlechten B\u00e4umen.<\/p>\n\n\n\n<p>Im mesopotamischen Gilgamesh Epos wird die Redensart &#8222;Weisheit erlangen, durch geschlechtlichen Umgang&#8220; ebenfalls angewandt. <\/p>\n\n\n\n<p>Der S\u00fcndenfall Evas war zweifellos der Akt der Rassenvermischung.<\/p>\n\n\n\n<p> <\/p>\n\n\n\n<p>Gott hat seinem auserw\u00e4hlten Bundesvolk Israel das Gegenteil geboten:                               &#8222;seid heilig, wie auch ich heilig bin&#8220;  <\/p>\n\n\n\n<p><\/p>\n\n\n\n<p><\/p>\n\n\n\n<p>und das hei\u00dft im Klartext, Israel hat sich von fremdem Fleisch, allen anderen Menschenv\u00f6lkern  dem korrumpierten Geschlecht Satans, abzusondern.<\/p>\n\n\n\n<p><\/p>\n\n\n\n<p><\/p>\n\n\n\n<p><\/p>\n\n\n\n<p><\/p>\n","protected":false},"excerpt":{"rendered":"<p>Die Engel, die ihre erste Wohnst\u00e4tte verlie\u00dfen, verlie\u00dfen sie, weil sie beschlossen sich mit Adamiten und auch mit vielen anderen Arten zu vermischen. Schilderung \u00fcber diese Ereignisse finden wir nur in den Apokryphen, die heilige Schrift wie wir sie heute vorliegen haben, erkl\u00e4rt dies nicht hinl\u00e4nglich. Als Adam in den Garten Eden gebracht wurde, befand &hellip; <\/p>\n<p class=\"link-more\"><a href=\"http:\/\/wahrheitmachtfrei.com\/?page_id=12\" class=\"more-link\"><span class=\"screen-reader-text\">\u201eDie Entstehung der Korruption\u201c <\/span>weiterlesen<\/a><\/p>\n","protected":false},"author":1,"featured_media":0,"parent":0,"menu_order":0,"comment_status":"closed","ping_status":"closed","template":"","meta":{"footnotes":""},"class_list":["post-12","page","type-page","status-publish","hentry"],"jetpack_sharing_enabled":true,"_links":{"self":[{"href":"http:\/\/wahrheitmachtfrei.com\/index.php?rest_route=\/wp\/v2\/pages\/12","targetHints":{"allow":["GET"]}}],"collection":[{"href":"http:\/\/wahrheitmachtfrei.com\/index.php?rest_route=\/wp\/v2\/pages"}],"about":[{"href":"http:\/\/wahrheitmachtfrei.com\/index.php?rest_route=\/wp\/v2\/types\/page"}],"author":[{"embeddable":true,"href":"http:\/\/wahrheitmachtfrei.com\/index.php?rest_route=\/wp\/v2\/users\/1"}],"replies":[{"embeddable":true,"href":"http:\/\/wahrheitmachtfrei.com\/index.php?rest_route=%2Fwp%2Fv2%2Fcomments&post=12"}],"version-history":[{"count":161,"href":"http:\/\/wahrheitmachtfrei.com\/index.php?rest_route=\/wp\/v2\/pages\/12\/revisions"}],"predecessor-version":[{"id":1108,"href":"http:\/\/wahrheitmachtfrei.com\/index.php?rest_route=\/wp\/v2\/pages\/12\/revisions\/1108"}],"wp:attachment":[{"href":"http:\/\/wahrheitmachtfrei.com\/index.php?rest_route=%2Fwp%2Fv2%2Fmedia&parent=12"}],"curies":[{"name":"wp","href":"https:\/\/api.w.org\/{rel}","templated":true}]}}