{"id":2,"date":"2016-05-10T03:48:21","date_gmt":"2016-05-10T03:48:21","guid":{"rendered":"http:\/\/wahrheitmachtfrei.com\/?page_id=2"},"modified":"2022-09-03T06:41:56","modified_gmt":"2022-09-03T06:41:56","slug":"sample-page","status":"publish","type":"page","link":"http:\/\/wahrheitmachtfrei.com\/?page_id=2","title":{"rendered":"Levitikus 19, 2"},"content":{"rendered":"\n<h2 class=\"has-text-align-center wp-block-heading\"> Ihr sollt heilig sein, denn ich bin heilig.<\/h2>\n\n\n<p style=\"text-align: center;\"><img loading=\"lazy\" decoding=\"async\" class=\"alignnone  wp-image-5 aligncenter\" src=\"http:\/\/wahrheitmachtfrei.com\/wp-content\/uploads\/2020\/01\/YHWHlogo-300x129.png\" alt=\"\" width=\"626\" height=\"269\" srcset=\"http:\/\/wahrheitmachtfrei.com\/wp-content\/uploads\/2020\/01\/YHWHlogo-300x129.png 300w, http:\/\/wahrheitmachtfrei.com\/wp-content\/uploads\/2020\/01\/YHWHlogo-768x330.png 768w, http:\/\/wahrheitmachtfrei.com\/wp-content\/uploads\/2020\/01\/YHWHlogo.png 930w\" sizes=\"auto, (max-width: 626px) 100vw, 626px\" \/><strong>Y.H.V.H. <\/strong>[YA-HU-AH]<\/p>\n<p style=\"text-align: center;\">der Heilige Israels sagt:<\/p>\n<p style=\"text-align: center;\">\n<\/p><p style=\"text-align: center;\"><strong><span id=\"v_560998\" class=\"verse scroll-elem v9 v60002009\" data-vid=\"560998\"><span class=\"verse-content\"><span class=\"verse-content--hover\">&#8222;Ihr seid ein auserw\u00e4hltes Geschlecht, <\/span><\/span><\/span><\/strong><\/p>\n<p style=\"text-align: center;\"><strong><span id=\"v_560998\" class=\"verse scroll-elem v9 v60002009\" data-vid=\"560998\"><span class=\"verse-content\"><span class=\"verse-content--hover\">ein k\u00f6nigliches Priestertum, <\/span><\/span><\/span><\/strong><\/p>\n<p style=\"text-align: center;\"><strong><span id=\"v_560998\" class=\"verse scroll-elem v9 v60002009\" data-vid=\"560998\"><span class=\"verse-content\"><span class=\"verse-content--hover\">eine heilige Rasse,<\/span><\/span><\/span><\/strong><\/p>\n<p style=\"text-align: center;\"><strong><span id=\"v_560998\" class=\"verse scroll-elem v9 v60002009\" data-vid=\"560998\"><span class=\"verse-content\"><span class=\"verse-content--hover\">ein Volk des Eigentums&#8220;<\/span><\/span><\/span><\/strong><\/p>\n<p style=\"text-align: right;\">1.Peter 2, 9<\/p>\n\n\n<h2 class=\"wp-block-heading\"><strong>Was aber bedeutet Heilig?<\/strong><\/h2>\n\n\n\n<p>Um das in Erfahrung zu bringen, m\u00fcssen wir das im Original verwendete Wort ethymologisch untersuchen. <\/p>\n\n\n\n<p><\/p>\n\n\n\n<p>&#8222;Rede mit der ganzen Gemeinde der Kinder Israels und sprich zu ihnen: Ihr sollt heilig sein, denn ich bin heilig, <strong>YHVH<\/strong>, euer Gott!&#8220;   <\/p>\n\n\n\n<p class=\"has-text-align-right\"> Levitikus 19, 2<\/p>\n\n\n\n<p>Speak unto all the congregation of the children of Israel, and say unto them, Ye shall be holy:&nbsp;<sup>H6918<\/sup> for I, <strong>YHVH<\/strong>, your God <em>am<\/em> holy.&nbsp;<sup>H6918<\/sup> <\/p>\n\n\n\n<p class=\"has-text-align-right\">Leviticus 19, 2<\/p>\n\n\n\n<h4 class=\"wp-block-heading\"><strong>Strong&#8217;s<\/strong> <strong>H6918<\/strong>  <strong>\u05e7\u05b8\u05d3\u05d5\u05b9\u05e9\u05c1<\/strong> q\u00e2d\u00f4wsh, kaw-doshe&#8216;   <\/h4>\n\n\n\n<p>sakral \/ heilig \/ der Heilige \/ Heiliger \/ aussondern <\/p>\n\n\n\n<h4 class=\"wp-block-heading\"><strong>von der Wortwurzel H6942<\/strong>  <strong>\u05e7\u05b8\u05d3\u05b9\u05e9\u05c1<\/strong> q\u00e2d\u00f4sh <\/h4>\n\n\n\n<p>weihen \/ segnen \/ vorbereiten \/ widmen \/ geheiligt sein \/ heilig sein \/ gesegnet sein \/ abgesondert \/ getrennt \/ isoliert sein \/ rein \/ sauber \/ frei von Verschmutzung durch Gesetzes\u00fcbertretungen, G\u00f6tzendienst, Unzucht(sexuelle Perversionen \/ Rassenvermischung)  und andere Profanit\u00e4ten.<\/p>\n\n\n\n<p><\/p>\n\n\n\n<p><\/p>\n\n\n\n<h3 class=\"wp-block-heading\">Definition von Heilig<\/h3>\n\n\n\n<p>Heilig ist der, der gehorsam gegen\u00fcber den Satzungen von YHVH Gott ist. Heiligkeit ist Reinheit-&gt; Freiheit von S\u00fcnde. Die S\u00fcnde ist \u00dcbertretung der Gebote Gottes.<\/p>\n\n\n\n<p>Heilig ist das Gegenteil von profan(weltlich), das Wort bedeutet auch &#8222;besonders&#8220; oder &#8222;das Besondere&#8220;. <\/p>\n\n\n\n<p><\/p>\n\n\n\n<p>&#8222;Und ihr sollt mir heilig sein, denn ich, YHVH, bin heilig, der ich euch von den V\u00f6lkern abgesondert habe, damit ihr mir geh\u00f6rt!&#8220;<\/p>\n\n\n\n<p class=\"has-text-align-right\">Levitikus 20, 26<\/p>\n\n\n\n<p> &#8222;And ye shall be holy&nbsp;<sup><a href=\"https:\/\/www.blueletterbible.org\/lang\/Lexicon\/Lexicon.cfm?strongs=H6918&amp;t=KJV\">H6918<\/a><\/sup> unto me: for I <strong>YHVH<\/strong> <em>am<\/em> holy, and have severed you from <em>other<\/em> people, that ye should be mine.&#8220;<\/p>\n\n\n\n<p class=\"has-text-align-right\">Leviticus 20, 26<\/p>\n\n\n\n<h3 class=\"wp-block-heading\">Das Nachkriegs Europa des 21. Jahrhunderts<\/h3>\n\n\n\n<p>Die&#8220;multikulturellen&#8220; Nationen Europas im Jahr 2020 n.Chr. sind unheilig, profan und gottlos. Da <strong>Y.H.V.H.<\/strong> Gott seinem auserw\u00e4hlten Bundesvolk und den verlorenen Schafen ( alle Wei\u00dfen V\u00f6lker der Welt ) explizit geboten hat sich von anderen \/ Nicht-Wei\u00dfen Menschenrassen abzusondern. Durch die genozidale Mirgationspolitik der EU herrschen in den einst Wei\u00dfen Nationen Europas nun Zust\u00e4nde wie damals im Nordreich Samariens, zur Zeit Jesu.<\/p>\n\n\n\n<p><\/p>\n\n\n\n<h3 class=\"wp-block-heading\">Jesu der Christ \/ YHVH in Fleisch  an die 12 Apostel<\/h3>\n\n\n\n<p>&#8222;Diese zw\u00f6lf sandte <strong>Jesu\/Yashuah<\/strong>, gebot ihnen und sprach: Geht nicht auf der Heiden Stra\u00dfe und zieht nicht in der Samariter St\u00e4dte, sondern geht hin zu den verlorenen Schafen aus dem Hause Israel.&#8220;<\/p>\n\n\n\n<p class=\"has-text-align-right\">Matth\u00e4us 10, 5-6<\/p>\n\n\n\n<p>Der lebendige Gott hat die gemischtrassige Bev\u00f6lkerung Samariens nicht als vollwertige Israeliten anerkannt und zudem seine Apostel angewiesen derartige multikulturelle Regionen wie Samarien zu meiden.<\/p>\n\n\n\n<p>Christen sollten dem Vorbild von Jesu folgen und nicht blind den Priestern glauben, vorallem dann nicht, wenn sie kontr\u00e4r zum lebendigen Gott lehren. <\/p>\n\n\n\n<p>Aber Es ist nicht das erste Mal in der Geschichte des Wei\u00dfen Israel, dass eine korrupte Priesterkaste zur S\u00fcnde verf\u00fchrt und damit Seine Herde  unter die V\u00f6lkermeere zerstreut. <\/p>\n\n\n\n<p><strong>&#8222;Habt acht, dass euch niemand verf\u00fchrt!&#8220;<\/strong><\/p>\n\n\n\n<p class=\"has-text-align-right\">Mark 13, 5<\/p>\n\n\n\n<h2 class=\"wp-block-heading\">Wer nicht mit IHM ist, ist gegen IHN<\/h2>\n\n\n\n<p>\u201eIhr sollt das Heilige nicht den <strong>Hunde<\/strong>n geben und eure Perlen sollt ihr nicht vor die <strong>S\u00e4ue<\/strong> werfen, damit die sie nicht zertreten mit ihren F\u00fc\u00dfen und sich umwenden und euch zerrei\u00dfen.\u201c <\/p>\n\n\n\n<p class=\"has-text-align-right\">Matth\u00e4us 7, 6<\/p>\n\n\n\n<h2 class=\"wp-block-heading\" id=\"h0\">Die kanaan\u00e4ische Frau<\/h2>\n\n\n\n<p>&#8222;Und Jesus ging weg von dort und entwich in die Gegend von Tyrus und Sidon.<\/p>\n\n\n\n<p>Und  siehe, eine kanaan\u00e4ische Frau kam aus diesem Gebiet und schrie: Ach,  Herr, du Sohn Davids, erbarme dich meiner! Meine Tochter wird von einem  b\u00f6sen Geist \u00fcbel geplagt.<\/p>\n\n\n\n<p><strong>Er  aber antwortete ihr kein Wort<\/strong>. Da traten seine J\u00fcnger zu ihm, baten ihn  und sprachen: Lass sie doch gehen, denn sie schreit uns nach.<\/p>\n\n\n\n<p>Er antwortete aber und sprach: Ich bin nur gesandt zu den verlorenen Schafen des Hauses Israel.<\/p>\n\n\n\n<p>Sie aber kam und fiel vor ihm nieder und sprach: Herr, hilf mir!<\/p>\n\n\n\n<p>Aber er antwortete und sprach: Es ist nicht recht, dass man den Kindern ihr Brot nehme und werfe es vor die Hunde.<\/p>\n\n\n\n<p>Sie sprach: Ja, Herr; aber doch essen die Hunde von den Brosamen, die vom Tisch ihrer Herren fallen.<\/p>\n\n\n\n<p>Da antwortete Jesus und sprach zu ihr: Frau, dein Glaube ist gro\u00df. Dir geschehe, wie du willst! Und ihre Tochter wurde gesund zu derselben Stunde.&#8220;<\/p>\n\n\n\n<p class=\"has-text-align-right\"> Matth\u00e4us 15, 21-39<\/p>\n\n\n\n<p>Jesu hat diese gemischtrassige Nicht-Wei\u00dfe Frau als Hund bezeichnet! Und ER half ihr erst dann, als sie diese untergeordnete Stellung selbst anerkannt hat.<\/p>\n\n\n\n<p>Die Heilige Schrift lehrt keinen Universalismus, die Gleichheit der Menschenv\u00f6lker ist antichristlich und eine Ideologie der Feinde von YAHUAH Gott.<\/p>\n\n\n\n<p>Sozialismus = Kommunismus = AntiChristentum.<\/p>\n","protected":false},"excerpt":{"rendered":"<p>Ihr sollt heilig sein, denn ich bin heilig. Y.H.V.H. [YA-HU-AH] der Heilige Israels sagt: &#8222;Ihr seid ein auserw\u00e4hltes Geschlecht, ein k\u00f6nigliches Priestertum, eine heilige Rasse, ein Volk des Eigentums&#8220; 1.Peter 2, 9 Was aber bedeutet Heilig? Um das in Erfahrung zu bringen, m\u00fcssen wir das im Original verwendete Wort ethymologisch untersuchen. &#8222;Rede mit der ganzen &hellip; <\/p>\n<p class=\"link-more\"><a href=\"http:\/\/wahrheitmachtfrei.com\/?page_id=2\" class=\"more-link\"><span class=\"screen-reader-text\">\u201eLevitikus 19, 2\u201c <\/span>weiterlesen<\/a><\/p>\n","protected":false},"author":1,"featured_media":0,"parent":0,"menu_order":0,"comment_status":"closed","ping_status":"open","template":"","meta":{"footnotes":""},"class_list":["post-2","page","type-page","status-publish","hentry"],"jetpack_sharing_enabled":true,"_links":{"self":[{"href":"http:\/\/wahrheitmachtfrei.com\/index.php?rest_route=\/wp\/v2\/pages\/2","targetHints":{"allow":["GET"]}}],"collection":[{"href":"http:\/\/wahrheitmachtfrei.com\/index.php?rest_route=\/wp\/v2\/pages"}],"about":[{"href":"http:\/\/wahrheitmachtfrei.com\/index.php?rest_route=\/wp\/v2\/types\/page"}],"author":[{"embeddable":true,"href":"http:\/\/wahrheitmachtfrei.com\/index.php?rest_route=\/wp\/v2\/users\/1"}],"replies":[{"embeddable":true,"href":"http:\/\/wahrheitmachtfrei.com\/index.php?rest_route=%2Fwp%2Fv2%2Fcomments&post=2"}],"version-history":[{"count":118,"href":"http:\/\/wahrheitmachtfrei.com\/index.php?rest_route=\/wp\/v2\/pages\/2\/revisions"}],"predecessor-version":[{"id":896,"href":"http:\/\/wahrheitmachtfrei.com\/index.php?rest_route=\/wp\/v2\/pages\/2\/revisions\/896"}],"wp:attachment":[{"href":"http:\/\/wahrheitmachtfrei.com\/index.php?rest_route=%2Fwp%2Fv2%2Fmedia&parent=2"}],"curies":[{"name":"wp","href":"https:\/\/api.w.org\/{rel}","templated":true}]}}