{"id":494,"date":"2020-01-31T16:33:21","date_gmt":"2020-01-31T16:33:21","guid":{"rendered":"http:\/\/wahrheitmachtfrei.com\/?page_id=494"},"modified":"2023-11-11T10:51:08","modified_gmt":"2023-11-11T10:51:08","slug":"wahrheit-macht-frei","status":"publish","type":"page","link":"http:\/\/wahrheitmachtfrei.com\/","title":{"rendered":"Wahrheit macht Frei"},"content":{"rendered":"\n<p>Warum ist das alte \u00c4gypten, einst die gr\u00f6\u00dfte aller Nationen, in Vergessenheit geraten? Es hatte doch \u00fcber 3.000 Jahre existiert.<\/p>\n\n\n\n<p>Was geschah mit der Pracht des alten Babyloniens oder Assyriens? Wo ist der Glanz der alten Perser, der Meder oder der Parther hin? <\/p>\n\n\n\n<p>Wieso konnten die Griechen, der H\u00f6hepunkt der antiken Zivilisation, seit dem Fall von Byzanz vor fast 600 Jahren, nichts Bedeutendes mehr als Kultur hervorbringen? <\/p>\n\n\n\n<p>Was geschah mit der Macht und Majest\u00e4t Roms? Die einst weitaus gr\u00f6\u00dfer war als sie alle? <\/p>\n\n\n\n<p>Warum sind die \u00dcberbleibsel all dieser einst pr\u00e4chtigen Kulturen nur noch als Relikte der Vergangenheit in Museen zu bewundern? <\/p>\n\n\n\n<p>Die Geschichte wiederholt sich immer wieder, weil Menschen sich weigern daraus zu lernen.  <\/p>\n\n\n\n<p><\/p>\n\n\n\n<p>Man kann den Inhalt der Heiligen Schrift leugnen, deswegen toben und rasen, oder dies gar als Hassrede verleumden. Aber man kann die Wahrheit nicht wegdiskutieren. <\/p>\n\n\n\n<p>Eine leuchtende Stadt auf dem H\u00fcgel, kann nicht verborgen bleiben. <\/p>\n\n\n\n<p>Es gibt nur einen Gott &#8211; Alpha  \/ Omega &#8211; der  Allm\u00e4chtige Sch\u00f6pfergott  Y.H.V.H. <\/p>\n\n\n\n<p>Und es gibt ein bestimmtes Menschenvolk, das von dem Gott Israels  auserw\u00e4hlt und gesalbt wurde. <\/p>\n\n\n\n<p>Doch immer dann, wenn dieses Bundesvolk vom Gesetz Gottes abfiel und sich mit anderen V\u00f6lkern* vermischte, entheiligten sie sich damit. Die Fl\u00fcche Gottes begannen zu wirken und diese einst m\u00e4chtigen Zivilisationen,  mit fortschreitender Bastardisierung, kollabierten von innen heraus. <\/p>\n\n\n\n<p class=\"has-text-align-right\">*der Baum, der Erkenntnis von Gut und B\u00f6se<\/p>\n\n\n\n<p>Der Niedergang antiker Hochzivilisationen wurde bedingt durch Multikultur, der sich daraus zwangsl\u00e4ufig ergebenden Rassenvermischung und dem damit einhergehenden Sittenverfall.<\/p>\n\n\n\n<p>Die ethnische Zerst\u00f6rung Deutschlands, und aller anderen westlichen Nationen, durch aufoktroyierte Zwangsmigration ist kein Novum in der Geschichte. <\/p>\n\n\n\n<p>Die Ansiedlung  kulturfremder Ausl\u00e4nder in erobertes Gebiet, ist eine Teile und Herrsche Taktik imperialer Besatzungspolitik. In Vielv\u00f6lkerstaaten sind ethnische Spannungen erwartet und gewollt. Die Energie des okkupierten Volkes f\u00fcr notwendige Ver\u00e4nderungen zur Befreiung aus der Knechtschaft, verpufft im Innern durch Rassenunruhen. Der importierte Anstieg von Gewalt und Kriminalit\u00e4t rechtfertigt dann auch Polizei Aufr\u00fcstung und die Installation von \u00dcberwachungsstaatstrukturen. <\/p>\n\n\n\n<p><\/p>\n\n\n\n<p>Das Nordreich Samariens, zur Zeit da der Christ mit uns auf Erden wandelte, wurde vom Seleukiden Reich erobert und mit &#8222;stalinistischen&#8220; Zwangsdeportationen ebenfalls kulturell &#8222;bereichert&#8220;. <\/p>\n\n\n\n<p>Die vom Christ entsandten Apostel wurden angewiesen diese Gebiete g\u00e4nzlich zu meiden, bei ihren Reisen zur Verk\u00fcndung der frohen rassischen Botschaft.<\/p>\n\n\n\n<p>\u00dcber Jahrtausende hinweg galt f\u00fcr Wei\u00dfe Christv\u00f6lker das Gesetz von YHVH Gott, welches uns Blutreinheit und Apartheid vorschreibt. <\/p>\n\n\n\n<p>Sein allererstes Gebot lautet: <\/p>\n\n\n\n<p>&#8222;Alles vermehre sich nach seiner Art.&#8220;<\/p>\n\n\n\n<p>Jeden Tag werden High-Tech Psy-Ops in westlichen Nationen durchgef\u00fchrt, getarnt als Unterhaltung und Nachrichten, mediale Manipulation zur Umerziehung und Beeinflussung der \u00f6ffentlichen Meinung, Verbreitung von antichristlichen Inhalten zur Akzeptanz von Sodomie. <\/p>\n\n\n\n<p>Die Bundestreue zum himmlischen Vater wird als Rassismus stigmatisiert.                                 Die Israel Identit\u00e4t Wei\u00dfer Christv\u00f6lker wird verleugnet, die Wahrheit ist auf den Kopf gestellt, wenn die Nachkommen der Christm\u00f6rder heute in Europa behaupten k\u00f6nnen Israel zu sein, ohne daf\u00fcr ausgelacht zu werden. <\/p>\n\n\n\n<p>Die ewigen Feinde Gottes haben das christliche Fundament Europas durch Identit\u00e4tsdiebstahl ausgeh\u00f6hlt, dadurch Leere in Christen erzeugt, und dieses Vakuum haben sie dann mit heidnischen Br\u00e4uchen und antichristlichen Idealen ausgef\u00fcllt. <\/p>\n\n\n\n<p>Liberalismus, , Kommunismus, auf Zins basierender Kapitalismus, Materialismus, (Trans) Humanismus, , Pazifismus, Feminismus, Veganismus, Multikulturalismus, Transgender kurz um:  Sodomiel.  <\/p>\n\n\n\n<p>Es sind die Fr\u00fcchte der sogenannten &#8222;franz\u00f6sischen&#8220; Revolution.<\/p>\n\n\n\n<p>Das Endziel der Feinde Gottes ist die Errichtung des Weltreiches des Antichristen.          Sodom und Gomorrah auf globaler Ebene. <\/p>\n\n\n\n<p>Die Sch\u00f6pfung soll vollst\u00e4ndig korrumpiert sein, wie es in den Tagen Noah&#8217;s bereits gewesen ist, so soll es wieder werden.<\/p>\n\n\n\n<p>Alle gleich Unrein und profan. <\/p>\n\n\n\n<p>Das Deutsche Reich, heute BRD genannt, reiht sich in die lange Liste der durch imperiale  Zerst\u00f6rungspolitik unterworfener Nationen ein.<\/p>\n\n\n\n<p><a href=\"http:\/\/wahrheitmachtfrei.com\/?page_id=744\" target=\"_blank\" rel=\"noreferrer noopener\">Jesu, der <strong>Nazi<\/strong>r\u00e4er <\/a>sagte:<\/p>\n\n\n\n<p>&#8222;Wenn ein Reich mit sich selbst uneins wird, kann es nicht bestehen.&#8220;<\/p>\n\n\n\n<p class=\"has-text-align-right\">Mark 3, 25 <\/p>\n\n\n\n<p>Politisch Korrekte k\u00f6nnen jetzt emp\u00f6rt &#8222;Nazi&#8220; schreien und beleidigend werden, aber das \u00e4ndert nichts an der Realit\u00e4t. Alle multikulturellen L\u00e4nder sind letztlich blutig gescheitert. Beispiele aus der j\u00fcngeren Vergangenheit sind: die Sowjetunion, Jugoslawien, Tscheslowakei.<\/p>\n\n\n\n<h4 class=\"wp-block-heading\"><strong>&#8222;Habt acht, da\u00df euch niemand verf\u00fchrt!&#8220;<\/strong> <\/h4>\n\n\n\n<p>Die Heilige Schrift hat nichts zu tun mit Kirche oder Religion.<\/p>\n\n\n\n<p>Es ist Gottes Geschichts- und Gesetzbuch f\u00fcr die Rasse Adams.  <\/p>\n\n\n\n<p>Adam war nicht der erste Mensch, sondern der erste Wei\u00dfe Mann.<\/p>\n\n\n\n<p>Reinrassig Wei\u00dfe West Europ\u00e4er sind die &#8222;verlorenen&#8220; St\u00e4mme Israels.  <\/p>\n\n\n\n<p>Die Irrlehre der satanisch unterwanderten Kirchen(Vatikan 16.Jh De Medici), das dass Gesetz abgeschafft sei, und wir nur noch unter der Gnade unseres Heilands leben, ist falsch.<\/p>\n\n\n\n<p>&#8222;Ihr sollt nicht meinen, dass Ich(Jesu) gekommen sei, um das Gesetz oder die Propheten aufzul\u00f6sen.&#8220;<\/p>\n\n\n\n<p class=\"has-text-align-right\">Matth\u00e4us 5, 17<\/p>\n\n\n\n<p>Das Gesetz Gottes schreibt der Wei\u00dfen Rasse Adams unter anderem vor:<\/p>\n\n\n\n<ul class=\"wp-block-list\">\n<li>Y.H.V.H. ist der einzig wahre Gott<\/li>\n\n\n\n<li>Jesu Yashuah der Christ ist YHVH Gott in Fleisch<\/li>\n\n\n\n<li>Apartheid von anderen Menschenrassen <\/li>\n\n\n\n<li>Blutreinheit<\/li>\n\n\n\n<li>N\u00e4chstenliebe<\/li>\n\n\n\n<li>Feindschaft gegen\u00fcber Antichristen<\/li>\n<\/ul>\n\n\n\n<p><\/p>\n\n\n\n<p><strong><em>&#8222;Es ist aber leichter, da\u00df Himmel und Erde vergehen, denn da\u00df ein Strichlein am Gesetz falle.&#8220;<\/em> <\/strong><\/p>\n\n\n\n<p class=\"has-text-align-right\">Matth\u00e4us 5, 18<\/p>\n\n\n\n<p>Multikultur, Rassenvermischung und G\u00f6tzendienst(Religion) sind schwere S\u00fcnden.<\/p>\n\n\n\n<p>Der S\u00fcndenfall beschreibt die Rassenvermischung von Adam und Eva. (Das Verlangen nach andersartigem Fleisch)   <\/p>\n\n\n\n<p>Kain, das Produkt der Blutschande, ist der leibhaftige Samen Satans auf Erden.<\/p>\n\n\n\n<p>Seit jeher und bis heute tobt ein verdeckter Rassenkrieg. (Genesis 3, 15)<\/p>\n\n\n\n<p>Der gr\u00f6\u00dfte V\u00f6lkermord der j\u00fcngeren Geschichte wurde von radikalen Juden an Wei\u00dfen Christen ver\u00fcbt. Die Kommunistenverfolgung &#8222;Nazideutschlands&#8220; war die Reaktion auf diesen V\u00f6lkermord.<\/p>\n\n\n\n<p>Mindestens 66 Millionen Wei\u00dfe Christen wurden von 1918-1957 in Osteuropa Opfer des bolschewistisch Terrorregimes.  Nicht nur Slawen, auch viele deutschst\u00e4mmige Prussen wurden von der antichristlichen Terrorherrschaft ermordet.<\/p>\n\n\n\n<p>Deutsche sind Nachkommen des k\u00f6niglichen Stammes Judah.<\/p>\n\n\n\n<p><a rel=\"noreferrer noopener\" href=\"http:\/\/wahrheitmachtfrei.com\/?page_id=744\" target=\"_blank\">Jesus war Jud\u00e4er, <strong>kein<\/strong> Jude.<\/a><\/p>\n\n\n\n<p>Wei\u00dfe Menschen (ohne fremde Blutseinschl\u00e4ge)  sind die Nachkommen von Adam, im allgemeinen,  West-Europ\u00e4er speziell,  sind die Nachfahren von S(h)em. <\/p>\n\n\n\n<p>Reinrassige Semiten sind die von Gott auserw\u00e4hlte Blutlinie, denen die Verhei\u00dfung gegeben ist.  <\/p>\n\n\n\n<p>Antisemitismus ist die Diskriminierung von reinrassig Wei\u00dfen West Europ\u00e4ern. Die Feinde Gottes bek\u00e4mpfen Christen heute unter der Flagge des Anti-Rassismus. <\/p>\n\n\n\n<p>F\u00fcr das Gesetz Gottes, die Selbsterhaltung, das ihnen ins Herz geschrieben wurde, werden Christen in Europa heute  von fremdrassigen V\u00f6lkern, in ihren eigenen Heimatl\u00e4ndern attackiert. Die Meinungsfreiheit der Opposition wird  mit bolschewistischen staatlich orchestrierten Terrormethoden versucht gewaltsam zu unterdr\u00fccken.  <\/p>\n\n\n\n<p>Die gro\u00dfe T\u00e4uschung des Zweiten Weltkriegs bestand darin, alle Christen der alliierten Streitkr\u00e4fte dazu zu bringen, f\u00fcr den Kommunismus gegen die christlichen Armeen Deutschlands und seiner christlichen Verb\u00fcndeten zu k\u00e4mpfen.<\/p>\n\n\n<p><!--EndFragment--><\/p>\n\n\n<p><a rel=\"noreferrer noopener\" href=\"https:\/\/mk.christogenea.org\/podcasts\" target=\"_blank\">Adolf Hitler,  wie auch das 3. Deutsche Reich, waren gottesf\u00fcrchtig, bibeltreu und christlich.<\/a> Viele nominelle Christen verstehen das nicht, weil sie nicht gelernt haben, was echtes, bibelkonformes Christentum ist.<\/p>\n\n\n\n<p><\/p>\n\n\n\n<p>Christen haben Jesu zu gehorchen, dem Nazarener.<\/p>\n\n\n\n<p>In Bezug auf den Titel &#8222;von Nazareth&#8220; werden Christen im Neuen Testament oft als Nazarener bezeichnet, die englische \u00dcbersetzung der fr\u00fchsten Bezeichnung von Gl\u00e4ubigen Christen lautet <strong>nazi<\/strong>rites.<\/p>\n\n\n\n<p>Wahre Christen sind &#8222;Nazis&#8220;, oder sollten versuchen es zu sein, der biblische Gott Y.H.V.H. verlangt dies ausdr\u00fccklich von uns: <\/p>\n\n\n\n<p>Genesis 6, 9; Exodus 33, 16; Levitikus 20, 24; Deuteronomium 23, 2; 7, 2; Josua 23, 12-13; Spr\u00fcche 23, 27; Psalm 144, 11-12; Jeremia 2, 21-22; Judas 1, 7<\/p>\n\n\n\n<p>Das hei\u00dft nicht, das wir gegen den F\u00fcrsten der Finsternis ank\u00e4mpfen sollen. Die Prophezeiung ist klar, das Reich des Antichristen ist nicht aufzuhalten. Menschen k\u00f6nnen  den Satan nicht \u00fcberwinden. <\/p>\n\n\n\n<p>&#8222;R\u00e4chet euch selber nicht, meine Liebsten, sondern gebet Raum dem Zorn Gottes; denn es steht geschrieben: &#8222;Die Rache ist mein; ich will vergelten, spricht YHVH.&#8220;<\/p>\n\n\n\n<p class=\"has-text-align-right\"><a href=\"https:\/\/bibeltext.com\/romans\/12-19.htm\">Roemer 12:19<\/a><\/p>\n\n\n\n<p>Im Rahmen unserer M\u00f6glichkeiten haben wir den weltlichen Verf\u00fchrungen zu widerstehen, Gott zu vertrauen und auf Seinen Wegen zu wandeln. <\/p>\n\n\n\n<p>Wir haben Seine Autorit\u00e4t zu achten, indem wir Seine ewig g\u00fcltigen Gebote halten.<\/p>\n\n\n\n<p><\/p>\n\n\n\n<p>Katholiken und andere &#8222;christliche&#8220; Denominationen gehorchen der Heiligen Schrift nicht, sie sind Gott untreu geworden. Diese Menschen werden als Huren Babylons bezeichnet, in der letzten und einzigen Prophezeiung der B\u00fccher des Neuen Bundes. <\/p>\n\n\n\n<p><\/p>\n\n\n\n<p>Aus Furcht davor sich um Seinetwillen (Bundestreue\/Rassismus) der Verfolgung und Drangsal auszusetzen, und um der weltlichen Annehmlichkeiten Willen, verleugnen sie Gott und werden schon im Diesseits ihren Lohn empfangen haben. <\/p>\n\n\n\n<p>Im Jenseits, dem unendlichen Christreich, werden diese Gutmenschen eine unbedeutende Rolle spielen. <\/p>\n\n\n\n<p><\/p>\n\n\n\n<p class=\"has-text-align-right\">Der Christ wird die Korruption Seiner Sch\u00f6pfung weder tolerieren noch ungestraft lassen. Offenbarung 2, 23<\/p>\n\n\n\n<p>Ein schlechter Baum wird niemals gute Frucht hervorbringen.<\/p>\n\n\n\n<p>Jesu Yashuah Immanuel hat uns in seinen Endzeitprophezeiungen vor Irrlehrern gewarnt:<\/p>\n\n\n\n<p><\/p>\n\n\n\n<p>&#8222;Denn viele werden unter meinem Namen kommen und sagen: Ich bin der Christus! Und sie werden viele verf\u00fchren.&#8220;<\/p>\n\n\n\n<p class=\"has-text-align-right\">Endzeitrede Jesu Matth\u00e4us 24, 5<\/p>\n\n\n\n<p>Die v\u00f6lkerrechtswidrige Provinz des US Imperiums &#8222;BRD&#8220; wird von Nicht-Deutschen Antichristen regiert. Im Verbund mit  Banken, Medien, Verb\u00e4nden,  Kirchen und vor allem der Wirtschaft verleumden, drangsalieren und verfolgen sie Wei\u00dfe bibeltreue Christen offen als Nazis. <\/p>\n\n\n\n<p>Der linksradikale politische Wandel in allen westlichen L\u00e4ndern seit Anfang des 21. Jahrhunderts hat sukzessiv dazu gef\u00fchrt, das konservative Ansichten,  die zum Beispiel von der CDU (vor Merkel) vertreten wurden, heute im Jahr 2023 von der CDU selbst als rechtsextreme, braune Gesinnung bek\u00e4mpft werden.<\/p>\n\n\n\n<p>Ihre Armee im Kampf gegen die g\u00f6ttliche Ordnung rekrutiert sich aus willf\u00e4hrigen Idioten und Verr\u00e4tern, aber vor allem aus den importierten, gewaltbereiten Ausl\u00e4nderbanden des Antifamillieus. <\/p>\n\n\n\n<p><\/p>\n\n\n\n<p>Und das ist auch Gut so, denn ein Glaube ohne Werke, ist ein toter Glaube.<\/p>\n\n\n\n<p>F\u00fcr Adamiten war es vermutlich noch nie so einfach, um Seinetwillen ausgegrenzt und gehasst zu werden. <\/p>\n\n\n\n<h3 class=\"wp-block-heading\"><strong>&#8222;Ihr m\u00fcsst von jedermann gehasst werden, um meines Namens willen.&#8220;<\/strong><\/h3>\n\n\n<p><!--EndFragment--><\/p>\n\n\n<p>&#8222;Gl\u00fcckselig sind die geistlich Armen, denn ihrer ist das Reich der Himmel! <\/p>\n\n\n\n<p>Gl\u00fcckselig sind die Trauernden, denn sie sollen getr\u00f6stet werden!  <\/p>\n\n\n\n<p>Gl\u00fcckselig sind die Sanftm\u00fctigen, denn sie werden das Land erben!  <\/p>\n\n\n\n<p>Gl\u00fcckselig sind, die nach der Gerechtigkeit hungern und d\u00fcrsten, denn sie sollen satt werden!  <\/p>\n\n\n\n<p>Gl\u00fcckselig sind die Barmherzigen, denn sie werden Barmherzigkeit erlangen!  <\/p>\n\n\n\n<p>Gl\u00fcckselig sind, die reinen Herzens sind, denn sie werden Gott schauen!  <\/p>\n\n\n\n<p>Gl\u00fcckselig sind die Friedfertigen, denn sie werden S\u00f6hne Gottes hei\u00dfen!  <\/p>\n\n\n\n<p><strong>Gl\u00fcckselig sind, die um der Gerechtigkeit willen verfolgt werden, denn ihrer ist das Reich der Himmel!  <\/strong><\/p>\n\n\n\n<p><strong>Gl\u00fcckselig seid ihr, wenn sie euch schm\u00e4hen und verfolgen und l\u00fcgnerisch jegliches b\u00f6se Wort gegen euch reden um Meinetwillen! <\/strong> <\/p>\n\n\n\n<p>Freut  euch und jubelt, denn euer Lohn ist gro\u00df im Himmel; denn ebenso haben sie die Propheten verfolgt, die vor euch gewesen sind.&#8220;<\/p>\n\n\n\n<p class=\"has-text-align-right\">Matth\u00e4us 5, 3-12<\/p>\n\n\n\n<p><\/p>\n\n\n\n<p><\/p>\n\n\n\n<p><\/p>\n\n\n\n<p><\/p>\n","protected":false},"excerpt":{"rendered":"<p>Warum ist das alte \u00c4gypten, einst die gr\u00f6\u00dfte aller Nationen, in Vergessenheit geraten? Es hatte doch \u00fcber 3.000 Jahre existiert. Was geschah mit der Pracht des alten Babyloniens oder Assyriens? Wo ist der Glanz der alten Perser, der Meder oder der Parther hin? Wieso konnten die Griechen, der H\u00f6hepunkt der antiken Zivilisation, seit dem Fall &hellip; <\/p>\n<p class=\"link-more\"><a href=\"http:\/\/wahrheitmachtfrei.com\/\" class=\"more-link\"><span class=\"screen-reader-text\">\u201eWahrheit macht Frei\u201c <\/span>weiterlesen<\/a><\/p>\n","protected":false},"author":1,"featured_media":0,"parent":0,"menu_order":0,"comment_status":"closed","ping_status":"closed","template":"","meta":{"footnotes":""},"class_list":["post-494","page","type-page","status-publish","hentry"],"jetpack_sharing_enabled":true,"_links":{"self":[{"href":"http:\/\/wahrheitmachtfrei.com\/index.php?rest_route=\/wp\/v2\/pages\/494","targetHints":{"allow":["GET"]}}],"collection":[{"href":"http:\/\/wahrheitmachtfrei.com\/index.php?rest_route=\/wp\/v2\/pages"}],"about":[{"href":"http:\/\/wahrheitmachtfrei.com\/index.php?rest_route=\/wp\/v2\/types\/page"}],"author":[{"embeddable":true,"href":"http:\/\/wahrheitmachtfrei.com\/index.php?rest_route=\/wp\/v2\/users\/1"}],"replies":[{"embeddable":true,"href":"http:\/\/wahrheitmachtfrei.com\/index.php?rest_route=%2Fwp%2Fv2%2Fcomments&post=494"}],"version-history":[{"count":254,"href":"http:\/\/wahrheitmachtfrei.com\/index.php?rest_route=\/wp\/v2\/pages\/494\/revisions"}],"predecessor-version":[{"id":1114,"href":"http:\/\/wahrheitmachtfrei.com\/index.php?rest_route=\/wp\/v2\/pages\/494\/revisions\/1114"}],"wp:attachment":[{"href":"http:\/\/wahrheitmachtfrei.com\/index.php?rest_route=%2Fwp%2Fv2%2Fmedia&parent=494"}],"curies":[{"name":"wp","href":"https:\/\/api.w.org\/{rel}","templated":true}]}}